{"id":20289,"date":"2021-10-19T19:49:49","date_gmt":"2021-10-19T17:49:49","guid":{"rendered":"https:\/\/atlas-it.hr\/contact\/"},"modified":"2023-09-06T15:32:53","modified_gmt":"2023-09-06T13:32:53","slug":"contact","status":"publish","type":"page","link":"https:\/\/atlas-it.hr\/en\/contact\/","title":{"rendered":"Contact"},"content":{"rendered":"\r\n<div class=\"wp-block-cover thb-border-radius no-block-cover-padding\" style=\"min-height: 270px;aspect-ratio:unset;\"><img loading=\"lazy\" decoding=\"async\" width=\"2560\" height=\"1440\" class=\"wp-block-cover__image-background wp-image-20146\" style=\"object-position: 100% 30%;\" src=\"https:\/\/atlas-it.hr\/wp-content\/uploads\/kontakt.jpg\" alt=\"\" data-object-fit=\"cover\" data-object-position=\"100% 30%\" srcset=\"https:\/\/atlas-it.hr\/wp-content\/uploads\/kontakt.jpg 2560w, https:\/\/atlas-it.hr\/wp-content\/uploads\/kontakt-550x309.jpg 550w, https:\/\/atlas-it.hr\/wp-content\/uploads\/kontakt-300x169.jpg 300w, https:\/\/atlas-it.hr\/wp-content\/uploads\/kontakt-1024x576.jpg 1024w, https:\/\/atlas-it.hr\/wp-content\/uploads\/kontakt-768x432.jpg 768w, https:\/\/atlas-it.hr\/wp-content\/uploads\/kontakt-1536x864.jpg 1536w, https:\/\/atlas-it.hr\/wp-content\/uploads\/kontakt-2048x1152.jpg 2048w\" sizes=\"auto, (max-width: 2560px) 100vw, 2560px\" \/>\r\n<div class=\"wp-block-cover__inner-container is-layout-flow wp-block-cover-is-layout-flow\">\r\n<p class=\"has-text-align-center has-large-font-size\">\u00a0<\/p>\r\n<\/div>\r\n<\/div>\r\n\r\n\r\n\r\n<div class=\"wp-block-spacer\" style=\"height: 20px;\" aria-hidden=\"true\">\u00a0<\/div>\r\n\r\n\r\n\r\n<h2 class=\"wp-block-heading\" id=\"kontakt\">CONTACT<\/h2>\r\n\r\n\r\n\r\n<div class=\"wp-block-columns is-layout-flex wp-container-core-columns-is-layout-9d6595d7 wp-block-columns-is-layout-flex\">\r\n<div class=\"wp-block-column is-layout-flow wp-block-column-is-layout-flow\">\r\n<div class=\"wp-block-cover is-light thb-border-radius thb-column-border\" style=\"min-height: 280px;aspect-ratio:unset;\">\r\n<div class=\"wp-block-cover__inner-container is-layout-flow wp-block-cover-is-layout-flow\">\r\n<div class=\"wp-block-spacer\" style=\"height: 20px;\" aria-hidden=\"true\">\u00a0<\/div>\r\n\r\n\r\n\r\n<div class=\"wp-block-image\">\r\n<figure class=\"aligncenter size-full is-resized\"><img loading=\"lazy\" decoding=\"async\" class=\"wp-image-22615\" src=\"https:\/\/atlas-it.hr\/wp-content\/uploads\/lokacija.svg\" alt=\"\" width=\"62\" height=\"75\" \/><\/figure>\r\n<\/div>\r\n\r\n\r\n\r\n<p class=\"has-text-align-center has-black-color has-text-color\">ATLAS IT GROUP<br \/>Slavonska avenija 52i<br \/>10000 Zagreb<\/p>\r\n<\/div>\r\n<\/div>\r\n<\/div>\r\n\r\n\r\n\r\n<div class=\"wp-block-column is-layout-flow wp-block-column-is-layout-flow\">\r\n<div class=\"wp-block-cover is-light thb-border-radius thb-column-border\" style=\"min-height: 280px;aspect-ratio:unset;\">\r\n<div class=\"wp-block-cover__inner-container is-layout-flow wp-block-cover-is-layout-flow\">\r\n<div class=\"wp-block-spacer\" style=\"height: 20px;\" aria-hidden=\"true\">\u00a0<\/div>\r\n\r\n\r\n\r\n<div class=\"wp-block-image\">\r\n<figure class=\"aligncenter size-full is-resized\"><img loading=\"lazy\" decoding=\"async\" class=\"wp-image-22613\" src=\"https:\/\/atlas-it.hr\/wp-content\/uploads\/kontakt.svg\" alt=\"\" width=\"63\" height=\"75\" \/><\/figure>\r\n<\/div>\r\n\r\n\r\n\r\n<p class=\"has-text-align-center has-black-color has-text-color\">Phone 1: <a href=\"tel:+38512100721\"><mark class=\"has-inline-color\" style=\"background-color: rgba(0, 0, 0, 0); color: #2a74ed;\"><strong>+385 1 2100 721<\/strong><\/mark><\/a><br \/>Phone 2: <a href=\"tel:+%2038512100722\"><mark class=\"has-inline-color\" style=\"background-color: rgba(0, 0, 0, 0); color: #2a74ed;\"><strong>+385 1 2100 722<\/strong><\/mark><\/a><br \/>Phone 3: <a href=\"tel:+38512100723\"><mark class=\"has-inline-color\" style=\"background-color: rgba(0, 0, 0, 0); color: #2a74ed;\"><strong>+385 1 2100 723<\/strong><\/mark><\/a><br \/>E. 1: <strong><a href=\"mailto:prodaja@atlas-it.hr\">prodaja@atlas-it.hr<\/a><\/strong><br \/>E. 2: <strong><a href=\"mailto:info@atlas-it.hr\">info@atlas-it.hr<\/a><\/strong><\/p>\r\n<\/div>\r\n<\/div>\r\n<\/div>\r\n\r\n\r\n\r\n<div class=\"wp-block-column is-layout-flow wp-block-column-is-layout-flow\">\r\n<div class=\"wp-block-cover is-light thb-border-radius thb-column-border\" style=\"min-height: 280px;aspect-ratio:unset;\">\r\n<div class=\"wp-block-cover__inner-container is-layout-flow wp-block-cover-is-layout-flow\">\r\n<div class=\"wp-block-spacer\" style=\"height: 20px;\" aria-hidden=\"true\">\u00a0<\/div>\r\n\r\n\r\n\r\n<div class=\"wp-block-image\">\r\n<figure class=\"aligncenter size-full is-resized\"><img loading=\"lazy\" decoding=\"async\" class=\"wp-image-22617\" src=\"https:\/\/atlas-it.hr\/wp-content\/uploads\/veleprodaja.svg\" alt=\"\" width=\"75\" height=\"75\" \/><\/figure>\r\n<\/div>\r\n\r\n\r\n\r\n<p class=\"has-text-align-center has-text-color\" style=\"color: #292929;\">WHOLESALE AND SHOWROOM<br \/>Slavonska avenija 52i<br \/>10000 Zagreb<\/p>\r\n<\/div>\r\n<\/div>\r\n<\/div>\r\n<\/div>\r\n\r\n\r\n\r\n<div class=\"wp-block-spacer\" style=\"height: 40px;\" aria-hidden=\"true\">\u00a0<\/div>\r\n\r\n\r\n\r\n<div class=\"wp-block-columns is-layout-flex wp-container-core-columns-is-layout-9d6595d7 wp-block-columns-is-layout-flex\">\r\n<div class=\"wp-block-column is-layout-flow wp-block-column-is-layout-flow\"> <iframe loading=\"lazy\" style=\"border: 0;\" src=\"https:\/\/www.google.com\/maps\/embed?pb=!1m18!1m12!1m3!1d2781.534935820999!2d16.058734316222903!3d45.80054411895709!2m3!1f0!2f0!3f0!3m2!1i1024!2i768!4f13.1!3m3!1m2!1s0x476678f5053910bd%3A0xe6a52bcecd9043d6!2sSlavonska%20avenija%2052i%2C%2010132%2C%20Zagreb!5e0!3m2!1shr!2shr!4v1634713703004!5m2!1shr!2shr\" width=\"100%\" height=\"450\" allowfullscreen=\"allowfullscreen\"><\/iframe> <\/div>\r\n<\/div>\r\n\r\n\r\n\r\n<div class=\"wp-block-spacer\" style=\"height: 40px;\" aria-hidden=\"true\">\u00a0<\/div>\r\n\r\n\r\n\r\n<h2 class=\"wp-block-heading\">Company status data<\/h2>\r\n\r\n\r\n\r\n<p><strong>ATLAS IT GROUP d.o.o.<\/strong><\/p>\r\n\r\n\r\n\r\n<p>Slavonska avenija 52i, HR-10000 Zagreb<\/p>\r\n\r\n\r\n\r\n<p><strong>OIB:\u00a0<\/strong>94661387753<\/p>\r\n\r\n\r\n\r\n<p><strong>IBAN:<\/strong> HR6224070001100245396<\/p>\r\n\r\n\r\n\r\n<p><strong>SWIFT:<\/strong> OTPVHR2X<\/p>\r\n\r\n\r\n\r\n<p>Registered with the Commercial Court in Zagreb<\/p>\r\n\r\n\r\n\r\n<p><strong>Administraiton:<\/strong>\u00a0Kre\u0161imir Poto\u010dki and Sini\u0161a Perkovi\u0107<\/p>\r\n\r\n\r\n\r\n<p><strong>Share capital: <\/strong>28,000 paid in full<\/p>\r\n","protected":false},"excerpt":{"rendered":"<p>CONTACT Company status data ATLAS IT GROUP d.o.o. Slavonska avenija 52i, HR-10000 Zagreb OIB:\u00a094661387753 IBAN: HR6224070001100245396 SWIFT: OTPVHR2X Registered with the Commercial Court in Zagreb Administraiton:\u00a0Kre\u0161imir Poto\u010dki and Sini\u0161a Perkovi\u0107 Share capital: 28,000 paid in full<\/p>\n","protected":false},"author":1,"featured_media":0,"parent":0,"menu_order":0,"comment_status":"closed","ping_status":"closed","template":"","meta":{"_themeisle_gutenberg_block_has_review":false,"footnotes":""},"class_list":["post-20289","page","type-page","status-publish","hentry"],"aioseo_notices":[],"_links":{"self":[{"href":"https:\/\/atlas-it.hr\/en\/wp-json\/wp\/v2\/pages\/20289","targetHints":{"allow":["GET"]}}],"collection":[{"href":"https:\/\/atlas-it.hr\/en\/wp-json\/wp\/v2\/pages"}],"about":[{"href":"https:\/\/atlas-it.hr\/en\/wp-json\/wp\/v2\/types\/page"}],"author":[{"embeddable":true,"href":"https:\/\/atlas-it.hr\/en\/wp-json\/wp\/v2\/users\/1"}],"replies":[{"embeddable":true,"href":"https:\/\/atlas-it.hr\/en\/wp-json\/wp\/v2\/comments?post=20289"}],"version-history":[{"count":20,"href":"https:\/\/atlas-it.hr\/en\/wp-json\/wp\/v2\/pages\/20289\/revisions"}],"predecessor-version":[{"id":28271,"href":"https:\/\/atlas-it.hr\/en\/wp-json\/wp\/v2\/pages\/20289\/revisions\/28271"}],"wp:attachment":[{"href":"https:\/\/atlas-it.hr\/en\/wp-json\/wp\/v2\/media?parent=20289"}],"curies":[{"name":"wp","href":"https:\/\/api.w.org\/{rel}","templated":true}]}}