{"id":20295,"date":"2021-12-06T09:08:10","date_gmt":"2021-12-06T08:08:10","guid":{"rendered":"https:\/\/atlas-it.hr\/atlas-it-group\/"},"modified":"2022-05-05T12:55:51","modified_gmt":"2022-05-05T10:55:51","slug":"atlas-it-group","status":"publish","type":"page","link":"https:\/\/atlas-it.hr\/en\/atlas-it-group\/","title":{"rendered":"Atlas IT Group"},"content":{"rendered":"\n<div class=\"wp-block-cover is-light thb-border-radius no-block-cover-padding\" style=\"min-height:270px;aspect-ratio:unset;\"><span aria-hidden=\"true\" class=\"has-background-dim-0 wp-block-cover__gradient-background has-background-dim\" style=\"background-color:#c4c4c4\"><\/span><img loading=\"lazy\" decoding=\"async\" width=\"1920\" height=\"1440\" class=\"wp-block-cover__image-background wp-image-22237\" alt=\"\" src=\"https:\/\/atlas-it.hr\/wp-content\/uploads\/atlas1.jpg\" style=\"object-position:50% 50%\" data-object-fit=\"cover\" data-object-position=\"50% 50%\" srcset=\"https:\/\/atlas-it.hr\/wp-content\/uploads\/atlas1.jpg 1920w, https:\/\/atlas-it.hr\/wp-content\/uploads\/atlas1-550x413.jpg 550w, https:\/\/atlas-it.hr\/wp-content\/uploads\/atlas1-300x225.jpg 300w, https:\/\/atlas-it.hr\/wp-content\/uploads\/atlas1-1024x768.jpg 1024w, https:\/\/atlas-it.hr\/wp-content\/uploads\/atlas1-768x576.jpg 768w, https:\/\/atlas-it.hr\/wp-content\/uploads\/atlas1-1536x1152.jpg 1536w\" sizes=\"auto, (max-width: 1920px) 100vw, 1920px\" \/><div class=\"wp-block-cover__inner-container is-layout-flow wp-block-cover-is-layout-flow\">\n<p><\/p>\n<\/div><\/div>\n\n<div class=\"wp-block-columns is-layout-flex wp-container-core-columns-is-layout-9d6595d7 wp-block-columns-is-layout-flex\">\n<div class=\"wp-block-column is-layout-flow wp-block-column-is-layout-flow\">\n<div style=\"height:15px\" aria-hidden=\"true\" class=\"wp-block-spacer\"><\/div>\n\n\n\n<h2 class=\"has-text-align-left has-text-color wp-block-heading\" id=\"atlas-it-group\" style=\"color:#292929\">ATLAS IT GROUP<\/h2>\n\n\n\n<div style=\"height:15px\" aria-hidden=\"true\" class=\"wp-block-spacer\"><\/div>\n\n\n\n<p>ATLAS IT Group, Zagreb is a distribution company of IT and network components, structured cabling, special tools and audio \/ video equipment. The experience gained over more than 30 years of existence in the ICT industry, through many projects on the market of the Republic of Croatia and the markets of neighboring countries in Central and Eastern Europe, is a guarantee of quality cooperation in providing the best solutions and consulting\/educating our partners. Our team provide maximum support in the sales process, but also for all questions and in the post-sales phase. Our sales portfolio includes high quality equipment from the world&#8217;s best manufacturers.<\/p>\n<\/div>\n<\/div>\n\n<div style=\"height:50px\" aria-hidden=\"true\" class=\"wp-block-spacer\"><\/div>\n\n<div class=\"wp-block-columns is-layout-flex wp-container-core-columns-is-layout-9d6595d7 wp-block-columns-is-layout-flex\">\n<div class=\"wp-block-column is-layout-flow wp-block-column-is-layout-flow\" style=\"flex-basis:20%\">\n<p class=\"has-text-color\" style=\"color:#2a74ed;font-size:18px\"><strong>Our product portfolio:<\/strong><\/p>\n<\/div>\n\n\n\n<div class=\"wp-block-column is-layout-flow wp-block-column-is-layout-flow\" style=\"flex-basis:72%\">\n<p style=\"font-size:17px\"><strong><span style=\"line-height:2.6em\">Active and passive network equipment<br\/>Data Center Equipment<br\/>Uninterruptible Power Supplies (UPS) and Power Supplies (PDUs)<\/span><\/strong><\/p>\n\n\n\n<p><strong>Communication cabinets (wall and freestanding) with associated equipment<\/strong><\/p>\n\n\n\n<p><strong>Devices for testing optical installations<\/strong><\/p>\n\n\n\n<p><strong>Industrial program of outdoor cabinets, power conductors, cooling systems for industrial cabinets<\/strong><\/p>\n\n\n\n<p><strong>Wide range of labeling products (labels, ties&#8230;)<\/strong><\/p>\n\n\n\n<p><strong>Installation services<\/strong><\/p>\n<\/div>\n<\/div>\n\n<div style=\"height:90px\" aria-hidden=\"true\" class=\"wp-block-spacer\"><\/div>\n\n<div class=\"wp-block-columns is-layout-flex wp-container-core-columns-is-layout-9d6595d7 wp-block-columns-is-layout-flex\">\n<div class=\"wp-block-column is-layout-flow wp-block-column-is-layout-flow\" style=\"flex-basis:15.5%\">\n<div class=\"wp-block-image is-style-rounded\"><figure class=\"aligncenter size-large is-resized\"><img loading=\"lazy\" decoding=\"async\" src=\"https:\/\/atlas-it.hr\/wp-content\/uploads\/\/avatar-1024x1024.png\" alt=\"\" class=\"wp-image-20117\" width=\"148\" height=\"148\" srcset=\"https:\/\/atlas-it.hr\/wp-content\/uploads\/avatar-1024x1024.png 1024w, https:\/\/atlas-it.hr\/wp-content\/uploads\/avatar-124x124.png 124w\" sizes=\"auto, (max-width: 148px) 100vw, 148px\" \/><\/figure><\/div>\n<\/div>\n\n\n\n<div class=\"wp-block-column is-vertically-aligned-center is-layout-flow wp-block-column-is-layout-flow\">\n<h4 class=\"wp-block-heading\" id=\"kresimir-potocki-direktor\"><strong><em><em><em>Kre\u0161imir Poto\u010dki, director<\/em><\/em><\/em><\/strong><\/h4>\n\n\n\n<p><em><em><em>Dugogodi\u0161nje iskustvo u prodaji te u ra\u010dunovodsvu i financijama \u017eelim iskoristiti za maksimiziranje u\u010dinkovitosti poduze\u0107a i poslovnih rezultata, na na\u010din da se kroz optimiziranje procesa, implementaciju digitalnih alata te otvaranje novih kanala prodaje i marketinga postigne planirani cilj.<\/em><\/em><\/em><\/p>\n<\/div>\n\n\n\n<div class=\"wp-block-column is-layout-flow wp-block-column-is-layout-flow\" style=\"flex-basis:15.5%\"><\/div>\n<\/div>\n\n<div style=\"height:60px\" aria-hidden=\"true\" class=\"wp-block-spacer\"><\/div>\n\n<div class=\"wp-block-columns is-layout-flex wp-container-core-columns-is-layout-9d6595d7 wp-block-columns-is-layout-flex\">\n<div class=\"wp-block-column is-layout-flow wp-block-column-is-layout-flow\" style=\"flex-basis:15.5%\">\n<div class=\"wp-block-image is-style-rounded\"><figure class=\"aligncenter size-large is-resized\"><img loading=\"lazy\" decoding=\"async\" src=\"https:\/\/atlas-it.hr\/wp-content\/uploads\/\/avatar-1024x1024.png\" alt=\"\" class=\"wp-image-20117\" width=\"148\" height=\"148\" srcset=\"https:\/\/atlas-it.hr\/wp-content\/uploads\/avatar-1024x1024.png 1024w, https:\/\/atlas-it.hr\/wp-content\/uploads\/avatar-124x124.png 124w\" sizes=\"auto, (max-width: 148px) 100vw, 148px\" \/><\/figure><\/div>\n<\/div>\n\n\n\n<div class=\"wp-block-column is-vertically-aligned-center is-layout-flow wp-block-column-is-layout-flow\">\n<h4 class=\"wp-block-heading\" id=\"sinisa-perkovic-direktor\"><strong><em><em>Sini\u0161a Perkovi\u0107, director<\/em><\/em><\/strong><\/h4>\n\n\n\n<p><em><em>Suradnjom s najzna\u010danijim kompanijama na tr\u017ei\u0161tu, te radom na mnogim ICT projektima ostvareno je ogromno iskustvo koje \u017eelim iskoristi da na tr\u017ei\u0161tu uvijek budemo prvi s tehnolo\u0161ki najmoderniji produktima ili rje\u0161enjima. Pristup svakom kupcu s respektabilnom pa\u017enjom garant je uspjeha i prosperiteta poduze\u0107a.<\/em><\/em><\/p>\n<\/div>\n\n\n\n<div class=\"wp-block-column is-layout-flow wp-block-column-is-layout-flow\" style=\"flex-basis:15.5%\"><\/div>\n<\/div>\n\n<p><\/p>\n","protected":false},"excerpt":{"rendered":"<p>ATLAS IT GROUP ATLAS IT Group, Zagreb is a distribution company of IT and network components, structured cabling, special tools and audio \/ video equipment. The experience gained over more than 30 years of existence in the ICT industry, through many projects on the market of the Republic of Croatia and the markets of neighboring&hellip;<\/p>\n","protected":false},"author":1,"featured_media":0,"parent":0,"menu_order":0,"comment_status":"closed","ping_status":"closed","template":"","meta":{"_themeisle_gutenberg_block_has_review":false,"footnotes":""},"class_list":["post-20295","page","type-page","status-publish","hentry"],"aioseo_notices":[],"_links":{"self":[{"href":"https:\/\/atlas-it.hr\/en\/wp-json\/wp\/v2\/pages\/20295","targetHints":{"allow":["GET"]}}],"collection":[{"href":"https:\/\/atlas-it.hr\/en\/wp-json\/wp\/v2\/pages"}],"about":[{"href":"https:\/\/atlas-it.hr\/en\/wp-json\/wp\/v2\/types\/page"}],"author":[{"embeddable":true,"href":"https:\/\/atlas-it.hr\/en\/wp-json\/wp\/v2\/users\/1"}],"replies":[{"embeddable":true,"href":"https:\/\/atlas-it.hr\/en\/wp-json\/wp\/v2\/comments?post=20295"}],"version-history":[{"count":8,"href":"https:\/\/atlas-it.hr\/en\/wp-json\/wp\/v2\/pages\/20295\/revisions"}],"predecessor-version":[{"id":22873,"href":"https:\/\/atlas-it.hr\/en\/wp-json\/wp\/v2\/pages\/20295\/revisions\/22873"}],"wp:attachment":[{"href":"https:\/\/atlas-it.hr\/en\/wp-json\/wp\/v2\/media?parent=20295"}],"curies":[{"name":"wp","href":"https:\/\/api.w.org\/{rel}","templated":true}]}}