{"id":20307,"date":"2021-12-15T09:17:16","date_gmt":"2021-12-15T08:17:16","guid":{"rendered":"https:\/\/atlas-it.hr\/keline\/"},"modified":"2022-02-09T13:38:58","modified_gmt":"2022-02-09T12:38:58","slug":"keline","status":"publish","type":"page","link":"https:\/\/atlas-it.hr\/en\/keline\/","title":{"rendered":"Keline"},"content":{"rendered":"\n<div class=\"wp-block-cover has-background-dim-20 has-background-dim thb-border-radius no-block-cover-padding\" style=\"min-height:270px;aspect-ratio:unset;\"><img loading=\"lazy\" decoding=\"async\" width=\"2560\" height=\"1707\" class=\"wp-block-cover__image-background wp-image-20141\" alt=\"\" src=\"https:\/\/atlas-it.hr\/wp-content\/uploads\/keline.jpg\" style=\"object-position:57% 67%\" data-object-fit=\"cover\" data-object-position=\"57% 67%\" srcset=\"https:\/\/atlas-it.hr\/wp-content\/uploads\/keline.jpg 2560w, https:\/\/atlas-it.hr\/wp-content\/uploads\/keline-550x367.jpg 550w, https:\/\/atlas-it.hr\/wp-content\/uploads\/keline-300x200.jpg 300w, https:\/\/atlas-it.hr\/wp-content\/uploads\/keline-1024x683.jpg 1024w, https:\/\/atlas-it.hr\/wp-content\/uploads\/keline-768x512.jpg 768w, https:\/\/atlas-it.hr\/wp-content\/uploads\/keline-1536x1024.jpg 1536w, https:\/\/atlas-it.hr\/wp-content\/uploads\/keline-2048x1366.jpg 2048w\" sizes=\"auto, (max-width: 2560px) 100vw, 2560px\" \/><div class=\"wp-block-cover__inner-container is-layout-flow wp-block-cover-is-layout-flow\">\n<p class=\"has-text-align-center has-large-font-size\"><\/p>\n<\/div><\/div>\n\n<div class=\"wp-block-image\"><figure class=\"aligncenter size-full is-resized\"><img decoding=\"async\" src=\"https:\/\/atlas-it.hr\/wp-content\/uploads\/keline_logo.png\" alt=\"\" class=\"wp-image-20123\" width=\"269\" srcset=\"https:\/\/atlas-it.hr\/wp-content\/uploads\/keline_logo.png 736w, https:\/\/atlas-it.hr\/wp-content\/uploads\/keline_logo-550x79.png 550w, https:\/\/atlas-it.hr\/wp-content\/uploads\/keline_logo-300x43.png 300w\" sizes=\"(max-width: 736px) 100vw, 736px\" \/><\/figure><\/div>\n\n<div class=\"wp-block-columns is-layout-flex wp-container-core-columns-is-layout-9d6595d7 wp-block-columns-is-layout-flex\">\n<div class=\"wp-block-column is-layout-flow wp-block-column-is-layout-flow\" style=\"flex-basis:5%\"><\/div>\n\n\n\n<div class=\"wp-block-column is-layout-flow wp-block-column-is-layout-flow\">\n<h2 class=\"wp-block-heading\">KELINE<\/h2>\n\n\n\n<p>KELINE&#8217;s structured cabling system is the result of the work of experts in the field of research, testing and production of components for high-speed digital signal transmission. KELINE predstavlja ne samo proizvod ve\u0107 i tehni\u010dku stru\u010dnost u obliku razvoja, kontrole kvalitete, stru\u010dnog usavr\u0161avanja i sveobuhvatne tehni\u010dke podr\u0161ke. Deliver efficient and innovative solutions tailored to the specific needs of its customers We offer Keline keystone jacks, Keline patch cables, Keline patch panels.<\/p>\n\n\n\n<p>The Keline system has been developed, manufactured and tested in accordance with international, European and American standards for structured cabling. Thanks to close cooperation with independent laboratories and consistent monitoring of the work of standardization commissions, Keline responds in advance to any changes in international standardization.<\/p>\n\n\n\n<p>The quality of Keline&#8217;s products has been tested over many years of use in data centers, business centers, industrial plants, government headquarters, as well as in critical infrastructure facilities.<\/p>\n<\/div>\n\n\n\n<div class=\"wp-block-column is-layout-flow wp-block-column-is-layout-flow\" style=\"flex-basis:5%\"><\/div>\n<\/div>\n\n<div style=\"height:60px\" aria-hidden=\"true\" class=\"wp-block-spacer\"><\/div>\n\n<div class=\"wp-block-columns is-layout-flex wp-container-core-columns-is-layout-9d6595d7 wp-block-columns-is-layout-flex\">\n<div class=\"wp-block-column is-layout-flow wp-block-column-is-layout-flow\" style=\"flex-basis:5%\"><\/div>\n\n\n\n<div class=\"wp-block-column is-layout-flow wp-block-column-is-layout-flow\" style=\"flex-basis:90%\">\n<div class=\"wp-block-buttons is-layout-flex wp-block-buttons-is-layout-flex\">\n<div class=\"wp-block-button is-style-outline is-style-outline--1\"><a class=\"wp-block-button__link\">Patch cables<\/a><\/div>\n\n\n\n<div class=\"wp-block-button is-style-outline is-style-outline--2\"><a class=\"wp-block-button__link\">keystone modules<\/a><\/div>\n\n\n\n<div class=\"wp-block-button is-style-outline is-style-outline--3\"><a class=\"wp-block-button__link\">keline modules<\/a><\/div>\n<\/div>\n<\/div>\n\n\n\n<div class=\"wp-block-column is-layout-flow wp-block-column-is-layout-flow\" style=\"flex-basis:5%\"><\/div>\n<\/div>\n\n<p><\/p>\n","protected":false},"excerpt":{"rendered":"<p>KELINE KELINE&#8217;s structured cabling system is the result of the work of experts in the field of research, testing and production of components for high-speed digital signal transmission. KELINE predstavlja ne samo proizvod ve\u0107 i tehni\u010dku stru\u010dnost u obliku razvoja, kontrole kvalitete, stru\u010dnog usavr\u0161avanja i sveobuhvatne tehni\u010dke podr\u0161ke. Deliver efficient and innovative solutions tailored to&hellip;<\/p>\n","protected":false},"author":1,"featured_media":0,"parent":0,"menu_order":0,"comment_status":"closed","ping_status":"closed","template":"","meta":{"_themeisle_gutenberg_block_has_review":false,"footnotes":""},"class_list":["post-20307","page","type-page","status-publish","hentry"],"aioseo_notices":[],"_links":{"self":[{"href":"https:\/\/atlas-it.hr\/en\/wp-json\/wp\/v2\/pages\/20307","targetHints":{"allow":["GET"]}}],"collection":[{"href":"https:\/\/atlas-it.hr\/en\/wp-json\/wp\/v2\/pages"}],"about":[{"href":"https:\/\/atlas-it.hr\/en\/wp-json\/wp\/v2\/types\/page"}],"author":[{"embeddable":true,"href":"https:\/\/atlas-it.hr\/en\/wp-json\/wp\/v2\/users\/1"}],"replies":[{"embeddable":true,"href":"https:\/\/atlas-it.hr\/en\/wp-json\/wp\/v2\/comments?post=20307"}],"version-history":[{"count":1,"href":"https:\/\/atlas-it.hr\/en\/wp-json\/wp\/v2\/pages\/20307\/revisions"}],"predecessor-version":[{"id":20308,"href":"https:\/\/atlas-it.hr\/en\/wp-json\/wp\/v2\/pages\/20307\/revisions\/20308"}],"wp:attachment":[{"href":"https:\/\/atlas-it.hr\/en\/wp-json\/wp\/v2\/media?parent=20307"}],"curies":[{"name":"wp","href":"https:\/\/api.w.org\/{rel}","templated":true}]}}