{"id":20317,"date":"2021-12-06T08:30:45","date_gmt":"2021-12-06T07:30:45","guid":{"rendered":"https:\/\/atlas-it.hr\/our-team\/"},"modified":"2024-09-03T09:47:01","modified_gmt":"2024-09-03T07:47:01","slug":"our-team","status":"publish","type":"page","link":"https:\/\/atlas-it.hr\/en\/our-team\/","title":{"rendered":"Our team"},"content":{"rendered":"\n<div class=\"wp-block-cover thb-border-radius no-block-cover-padding\" style=\"background-color:#c4c4c4;min-height:270px;aspect-ratio:unset;\"><img loading=\"lazy\" decoding=\"async\" width=\"2560\" height=\"1440\" class=\"wp-block-cover__image-background wp-image-920\" alt=\"\" src=\"https:\/\/atlas-it.hr\/wp-content\/uploads\/team_atlas.jpg\" style=\"object-position:53% 65%\" data-object-fit=\"cover\" data-object-position=\"53% 65%\" srcset=\"https:\/\/atlas-it.hr\/wp-content\/uploads\/team_atlas.jpg 2560w, https:\/\/atlas-it.hr\/wp-content\/uploads\/team_atlas-550x309.jpg 550w, https:\/\/atlas-it.hr\/wp-content\/uploads\/team_atlas-300x169.jpg 300w, https:\/\/atlas-it.hr\/wp-content\/uploads\/team_atlas-1024x576.jpg 1024w, https:\/\/atlas-it.hr\/wp-content\/uploads\/team_atlas-768x432.jpg 768w, https:\/\/atlas-it.hr\/wp-content\/uploads\/team_atlas-1536x864.jpg 1536w, https:\/\/atlas-it.hr\/wp-content\/uploads\/team_atlas-2048x1152.jpg 2048w\" sizes=\"auto, (max-width: 2560px) 100vw, 2560px\" \/><div class=\"wp-block-cover__inner-container is-layout-flow wp-block-cover-is-layout-flow\">\n<p class=\"has-text-align-center has-large-font-size\"><\/p>\n<\/div><\/div>\n\n\n\n<h2 class=\"wp-block-heading\" id=\"upoznajte-nas-team\">MEET OUR TEAM<\/h2>\n\n\n\n<h4 class=\"wp-block-heading has-background\" id=\"prodaja\" style=\"background-color:#f4faff\"><strong>Sales:<\/strong><\/h4>\n\n\n\n<div class=\"wp-block-columns is-layout-flex wp-container-core-columns-is-layout-9d6595d7 wp-block-columns-is-layout-flex\">\n<div class=\"wp-block-column is-layout-flow wp-block-column-is-layout-flow\" style=\"flex-basis:5%\"><\/div>\n\n\n\n<div class=\"wp-block-column is-layout-flow wp-block-column-is-layout-flow\" style=\"flex-basis:20%\"><div class=\"wp-block-image is-style-rounded\">\n<figure class=\"aligncenter size-large is-resized\"><img loading=\"lazy\" decoding=\"async\" width=\"1024\" height=\"1024\" src=\"https:\/\/atlas-it.hr\/wp-content\/uploads\/\/avatar-1024x1024.png\" alt=\"\" class=\"wp-image-721\" style=\"width:150px;height:150px\" srcset=\"https:\/\/atlas-it.hr\/wp-content\/uploads\/avatar-1024x1024.png 1024w, https:\/\/atlas-it.hr\/wp-content\/uploads\/avatar-550x550.png 550w, https:\/\/atlas-it.hr\/wp-content\/uploads\/avatar-124x124.png 124w, https:\/\/atlas-it.hr\/wp-content\/uploads\/avatar-300x300.png 300w, https:\/\/atlas-it.hr\/wp-content\/uploads\/avatar-150x150.png 150w, https:\/\/atlas-it.hr\/wp-content\/uploads\/avatar-768x768.png 768w\" sizes=\"auto, (max-width: 1024px) 100vw, 1024px\" \/><\/figure>\n<\/div><\/div>\n\n\n\n<div class=\"wp-block-column is-vertically-aligned-center is-layout-flow wp-block-column-is-layout-flow\" style=\"flex-basis:65%\">\n<p><strong>SINI\u0160A PERKOVI\u0106<\/strong>, director<\/p>\n\n\n\n<p><a href=\"mailto:s.perkovic@atlas-it.hr\">s.perkovic@atlas-it.hr<\/a><\/p>\n\n\n\n<p>GSM. +385 99 6825 890<\/p>\n<\/div>\n<\/div>\n\n\n\n<div class=\"wp-block-columns is-layout-flex wp-container-core-columns-is-layout-9d6595d7 wp-block-columns-is-layout-flex\">\n<div class=\"wp-block-column is-layout-flow wp-block-column-is-layout-flow\" style=\"flex-basis:5%\"><\/div>\n\n\n\n<div class=\"wp-block-column is-layout-flow wp-block-column-is-layout-flow\" style=\"flex-basis:20%\"><div class=\"wp-block-image is-style-rounded\">\n<figure class=\"aligncenter size-large is-resized\"><img loading=\"lazy\" decoding=\"async\" width=\"1024\" height=\"1024\" src=\"https:\/\/atlas-it.hr\/wp-content\/uploads\/\/avatar-1024x1024.png\" alt=\"\" class=\"wp-image-721\" style=\"width:150px;height:150px\" srcset=\"https:\/\/atlas-it.hr\/wp-content\/uploads\/avatar-1024x1024.png 1024w, https:\/\/atlas-it.hr\/wp-content\/uploads\/avatar-550x550.png 550w, https:\/\/atlas-it.hr\/wp-content\/uploads\/avatar-124x124.png 124w, https:\/\/atlas-it.hr\/wp-content\/uploads\/avatar-300x300.png 300w, https:\/\/atlas-it.hr\/wp-content\/uploads\/avatar-150x150.png 150w, https:\/\/atlas-it.hr\/wp-content\/uploads\/avatar-768x768.png 768w\" sizes=\"auto, (max-width: 1024px) 100vw, 1024px\" \/><\/figure>\n<\/div><\/div>\n\n\n\n<div class=\"wp-block-column is-vertically-aligned-center is-layout-flow wp-block-column-is-layout-flow\" style=\"flex-basis:65%\">\n<p><strong>KRE\u0160IMIR POTO\u010cKI<\/strong>, director<\/p>\n\n\n\n<p><a href=\"mailto:k.potocki@atlas-it.hr\">k.potocki@atlas-it.hr<\/a><\/p>\n\n\n\n<p>GSM. <a title=\"tel:+385989806609\" href=\"tel:+385989806609\">+385 98 9806 609<\/a><\/p>\n<\/div>\n<\/div>\n\n\n\n<div class=\"wp-block-columns is-layout-flex wp-container-core-columns-is-layout-9d6595d7 wp-block-columns-is-layout-flex\">\n<div class=\"wp-block-column is-layout-flow wp-block-column-is-layout-flow\" style=\"flex-basis:5%\"><\/div>\n\n\n\n<div class=\"wp-block-column is-layout-flow wp-block-column-is-layout-flow\" style=\"flex-basis:20%\"><div class=\"wp-block-image is-style-rounded\">\n<figure class=\"aligncenter size-large is-resized\"><img loading=\"lazy\" decoding=\"async\" width=\"1024\" height=\"1024\" src=\"https:\/\/atlas-it.hr\/wp-content\/uploads\/\/avatar-1024x1024.png\" alt=\"\" class=\"wp-image-721\" style=\"width:150px;height:150px\" srcset=\"https:\/\/atlas-it.hr\/wp-content\/uploads\/avatar-1024x1024.png 1024w, https:\/\/atlas-it.hr\/wp-content\/uploads\/avatar-550x550.png 550w, https:\/\/atlas-it.hr\/wp-content\/uploads\/avatar-124x124.png 124w, https:\/\/atlas-it.hr\/wp-content\/uploads\/avatar-300x300.png 300w, https:\/\/atlas-it.hr\/wp-content\/uploads\/avatar-150x150.png 150w, https:\/\/atlas-it.hr\/wp-content\/uploads\/avatar-768x768.png 768w\" sizes=\"auto, (max-width: 1024px) 100vw, 1024px\" \/><\/figure>\n<\/div><\/div>\n\n\n\n<div class=\"wp-block-column is-vertically-aligned-center is-layout-flow wp-block-column-is-layout-flow\" style=\"flex-basis:65%\">\n<p><strong>MARKO \u0160O\u0160TAR<\/strong><\/p>\n\n\n\n<p><a href=\"mailto:m.sostar@atlas-it.hr\">m.sostar@atlas-it.hr<\/a><\/p>\n\n\n\n<p>GSM. <a href=\"tel:+385994353138\">+385 99 4353 138<\/a><\/p>\n<\/div>\n<\/div>\n\n\n\n<div style=\"height:100px\" aria-hidden=\"true\" class=\"wp-block-spacer\"><\/div>\n\n\n\n<h4 class=\"wp-block-heading has-background\" id=\"online-i-internacionalna-prodaja-it-support\" style=\"background-color:#f4faff\"><strong>Online and international sales, IT support:<\/strong><\/h4>\n\n\n\n<div class=\"wp-block-columns is-layout-flex wp-container-core-columns-is-layout-9d6595d7 wp-block-columns-is-layout-flex\">\n<div class=\"wp-block-column is-layout-flow wp-block-column-is-layout-flow\" style=\"flex-basis:5%\"><\/div>\n\n\n\n<div class=\"wp-block-column is-layout-flow wp-block-column-is-layout-flow\" style=\"flex-basis:20%\"><div class=\"wp-block-image is-style-rounded\">\n<figure class=\"aligncenter size-large is-resized\"><img loading=\"lazy\" decoding=\"async\" width=\"1024\" height=\"1024\" src=\"https:\/\/atlas-it.hr\/wp-content\/uploads\/\/it_avatar-1024x1024.png\" alt=\"\" class=\"wp-image-723\" style=\"width:150px;height:150px\" srcset=\"https:\/\/atlas-it.hr\/wp-content\/uploads\/it_avatar-1024x1024.png 1024w, https:\/\/atlas-it.hr\/wp-content\/uploads\/it_avatar-550x550.png 550w, https:\/\/atlas-it.hr\/wp-content\/uploads\/it_avatar-124x124.png 124w, https:\/\/atlas-it.hr\/wp-content\/uploads\/it_avatar-300x300.png 300w, https:\/\/atlas-it.hr\/wp-content\/uploads\/it_avatar-150x150.png 150w, https:\/\/atlas-it.hr\/wp-content\/uploads\/it_avatar-768x768.png 768w\" sizes=\"auto, (max-width: 1024px) 100vw, 1024px\" \/><\/figure>\n<\/div><\/div>\n\n\n\n<div class=\"wp-block-column is-vertically-aligned-center is-layout-flow wp-block-column-is-layout-flow\" style=\"flex-basis:65%\">\n<p><strong>ANTONIO HOLENDA<\/strong><\/p>\n\n\n\n<p><a href=\"mailto:a.holenda@atlas-it.hr\">a.holenda@atlas-it.hr<\/a><\/p>\n\n\n\n<p>GSM. <a href=\"tel:+385911617374\">+385 91 1617 374<\/a><\/p>\n\n\n\n<p>Phone. <a href=\"tel:512100720\">+385 1 2100 720<\/a><\/p>\n<\/div>\n<\/div>\n\n\n\n<div style=\"height:100px\" aria-hidden=\"true\" class=\"wp-block-spacer\"><\/div>\n\n\n\n<h4 class=\"wp-block-heading has-background\" id=\"logistika\" style=\"background-color:#f4faff\"><strong>Logistics:<\/strong><\/h4>\n\n\n\n<div class=\"wp-block-columns is-layout-flex wp-container-core-columns-is-layout-9d6595d7 wp-block-columns-is-layout-flex\">\n<div class=\"wp-block-column is-layout-flow wp-block-column-is-layout-flow\" style=\"flex-basis:5%\"><\/div>\n\n\n\n<div class=\"wp-block-column is-layout-flow wp-block-column-is-layout-flow\" style=\"flex-basis:20%\"><div class=\"wp-block-image is-style-rounded\">\n<figure class=\"aligncenter size-large is-resized\"><img loading=\"lazy\" decoding=\"async\" width=\"1024\" height=\"1024\" src=\"https:\/\/atlas-it.hr\/wp-content\/uploads\/\/avatar2-1024x1024.png\" alt=\"\" class=\"wp-image-722\" style=\"width:150px;height:150px\" srcset=\"https:\/\/atlas-it.hr\/wp-content\/uploads\/avatar2-1024x1024.png 1024w, https:\/\/atlas-it.hr\/wp-content\/uploads\/avatar2-550x550.png 550w, https:\/\/atlas-it.hr\/wp-content\/uploads\/avatar2-124x124.png 124w, https:\/\/atlas-it.hr\/wp-content\/uploads\/avatar2-300x300.png 300w, https:\/\/atlas-it.hr\/wp-content\/uploads\/avatar2-150x150.png 150w, https:\/\/atlas-it.hr\/wp-content\/uploads\/avatar2-768x768.png 768w\" sizes=\"auto, (max-width: 1024px) 100vw, 1024px\" \/><\/figure>\n<\/div><\/div>\n\n\n\n<div class=\"wp-block-column is-vertically-aligned-center is-layout-flow wp-block-column-is-layout-flow\" style=\"flex-basis:65%\">\n<p><strong>ZVONKO BISTRI\u010cKI<\/strong><\/p>\n\n\n\n<p><a href=\"mailto:z.bistricki@atlas-it.hr\">z.bistricki@atlas-it.hr<\/a><\/p>\n\n\n\n<p>GSM. <a href=\"tel:+385913015808\">+385 91 3015 808<\/a><\/p>\n\n\n\n<p>Phone. <a href=\"tel:+38512100720\">+385 1 2100 720<\/a><\/p>\n<\/div>\n<\/div>\n\n\n\n<div style=\"height:100px\" aria-hidden=\"true\" class=\"wp-block-spacer\"><\/div>\n\n\n\n<h4 class=\"wp-block-heading has-background\" id=\"racunovodstvo-i-financije\" style=\"background-color:#f4faff\"><strong>Accounting and finance:<\/strong><\/h4>\n\n\n\n<div class=\"wp-block-columns is-layout-flex wp-container-core-columns-is-layout-9d6595d7 wp-block-columns-is-layout-flex\">\n<div class=\"wp-block-column is-layout-flow wp-block-column-is-layout-flow\" style=\"flex-basis:5%\"><\/div>\n\n\n\n<div class=\"wp-block-column is-layout-flow wp-block-column-is-layout-flow\" style=\"flex-basis:20%\"><div class=\"wp-block-image is-style-rounded\">\n<figure class=\"aligncenter size-large is-resized\"><img loading=\"lazy\" decoding=\"async\" width=\"1024\" height=\"1024\" src=\"https:\/\/atlas-it.hr\/wp-content\/uploads\/\/it_avatar-1024x1024.png\" alt=\"\" class=\"wp-image-723\" style=\"width:150px;height:150px\" srcset=\"https:\/\/atlas-it.hr\/wp-content\/uploads\/it_avatar-1024x1024.png 1024w, https:\/\/atlas-it.hr\/wp-content\/uploads\/it_avatar-550x550.png 550w, https:\/\/atlas-it.hr\/wp-content\/uploads\/it_avatar-124x124.png 124w, https:\/\/atlas-it.hr\/wp-content\/uploads\/it_avatar-300x300.png 300w, https:\/\/atlas-it.hr\/wp-content\/uploads\/it_avatar-150x150.png 150w, https:\/\/atlas-it.hr\/wp-content\/uploads\/it_avatar-768x768.png 768w\" sizes=\"auto, (max-width: 1024px) 100vw, 1024px\" \/><\/figure>\n<\/div><\/div>\n\n\n\n<div class=\"wp-block-column is-vertically-aligned-center is-layout-flow wp-block-column-is-layout-flow\" style=\"flex-basis:65%\">\n<p><strong>KATARINA BAGAVAC KLOBU\u010cAR<\/strong><\/p>\n\n\n\n<p><a href=\"mailto:k.bagavacklobucar@atlas-it.hr\">k.bagavacklobucar@atlas-it.hr<\/a><\/p>\n\n\n\n<p>GSM. <a href=\"tel:+385916020725\">+385 91 6020 725<\/a><\/p>\n\n\n\n<p>Phone: <a href=\"tel:+38512100723\">+385 1 2100 723<\/a><\/p>\n<\/div>\n<\/div>\n","protected":false},"excerpt":{"rendered":"<p>MEET OUR TEAM Sales: SINI\u0160A PERKOVI\u0106, director s.perkovic@atlas-it.hr GSM. +385 99 6825 890 KRE\u0160IMIR POTO\u010cKI, director k.potocki@atlas-it.hr GSM. +385 98 9806 609 MARKO \u0160O\u0160TAR m.sostar@atlas-it.hr GSM. +385 99 4353 138 Online and international sales, IT support: ANTONIO HOLENDA a.holenda@atlas-it.hr GSM. +385 91 1617 374 Phone. +385 1 2100 720 Logistics: ZVONKO BISTRI\u010cKI z.bistricki@atlas-it.hr GSM. +385&hellip;<\/p>\n","protected":false},"author":1,"featured_media":0,"parent":0,"menu_order":0,"comment_status":"closed","ping_status":"closed","template":"","meta":{"_themeisle_gutenberg_block_has_review":false,"footnotes":""},"class_list":["post-20317","page","type-page","status-publish","hentry"],"aioseo_notices":[],"_links":{"self":[{"href":"https:\/\/atlas-it.hr\/en\/wp-json\/wp\/v2\/pages\/20317","targetHints":{"allow":["GET"]}}],"collection":[{"href":"https:\/\/atlas-it.hr\/en\/wp-json\/wp\/v2\/pages"}],"about":[{"href":"https:\/\/atlas-it.hr\/en\/wp-json\/wp\/v2\/types\/page"}],"author":[{"embeddable":true,"href":"https:\/\/atlas-it.hr\/en\/wp-json\/wp\/v2\/users\/1"}],"replies":[{"embeddable":true,"href":"https:\/\/atlas-it.hr\/en\/wp-json\/wp\/v2\/comments?post=20317"}],"version-history":[{"count":8,"href":"https:\/\/atlas-it.hr\/en\/wp-json\/wp\/v2\/pages\/20317\/revisions"}],"predecessor-version":[{"id":28416,"href":"https:\/\/atlas-it.hr\/en\/wp-json\/wp\/v2\/pages\/20317\/revisions\/28416"}],"wp:attachment":[{"href":"https:\/\/atlas-it.hr\/en\/wp-json\/wp\/v2\/media?parent=20317"}],"curies":[{"name":"wp","href":"https:\/\/api.w.org\/{rel}","templated":true}]}}