{"id":26959,"date":"2023-07-26T10:15:02","date_gmt":"2023-07-26T10:15:02","guid":{"rendered":"https:\/\/atlas-it.hr\/?post_type=product&#038;p="},"modified":"2026-04-09T06:15:03","modified_gmt":"2026-04-09T06:15:03","slug":"scout-pro-3-tester-mjerac-duljine-kabela-detektor-ostecenja-voice-data-video-vdv501-851-klein-tools","status":"publish","type":"product","link":"https:\/\/atlas-it.hr\/en\/webshop\/oprema-bakar-copper-network-technology\/oprema-za-testiranje\/scout-pro-3-tester-mjerac-duljine-kabela-detektor-ostecenja-voice-data-video-vdv501-851-klein-tools\/","title":{"rendered":"Scout Pro 3 &#8211; tester, mjera\u010d duljine kabela, detektor o\u0161te\u0107enja &#8211; voice, data, video VDV501-851 KLEIN TOOLS"},"content":{"rendered":"","protected":false},"excerpt":{"rendered":"","protected":false},"featured_media":0,"template":"","meta":{"_themeisle_gutenberg_block_has_review":false},"product_brand":[],"product_cat":[6563],"product_tag":[],"class_list":{"0":"post-26959","1":"product","2":"type-product","3":"status-publish","5":"product_cat-oprema-za-testiranje","7":"first","8":"instock","9":"taxable","10":"shipping-taxable","11":"product-type-simple"},"aioseo_notices":[],"_links":{"self":[{"href":"https:\/\/atlas-it.hr\/en\/wp-json\/wp\/v2\/product\/26959","targetHints":{"allow":["GET"]}}],"collection":[{"href":"https:\/\/atlas-it.hr\/en\/wp-json\/wp\/v2\/product"}],"about":[{"href":"https:\/\/atlas-it.hr\/en\/wp-json\/wp\/v2\/types\/product"}],"wp:attachment":[{"href":"https:\/\/atlas-it.hr\/en\/wp-json\/wp\/v2\/media?parent=26959"}],"wp:term":[{"taxonomy":"product_brand","embeddable":true,"href":"https:\/\/atlas-it.hr\/en\/wp-json\/wp\/v2\/product_brand?post=26959"},{"taxonomy":"product_cat","embeddable":true,"href":"https:\/\/atlas-it.hr\/en\/wp-json\/wp\/v2\/product_cat?post=26959"},{"taxonomy":"product_tag","embeddable":true,"href":"https:\/\/atlas-it.hr\/en\/wp-json\/wp\/v2\/product_tag?post=26959"}],"curies":[{"name":"wp","href":"https:\/\/api.w.org\/{rel}","templated":true}]}}